{"id":258821,"date":"2023-10-25T17:31:00","date_gmt":"2023-10-25T17:31:00","guid":{"rendered":"https:\/\/jccanampr.com\/politica-de-reserva-y-devolucion-de-jccanam\/"},"modified":"2023-10-30T18:15:59","modified_gmt":"2023-10-30T18:15:59","slug":"politica-de-reservas-y-devoluciones-de-la-jccanam","status":"publish","type":"page","link":"https:\/\/jccanampr.com\/es\/politica-de-reservas-y-devoluciones-de-la-jccanam\/","title":{"rendered":"Pol\u00edtica de reservas y devoluciones de la JCCANAM"},"content":{"rendered":"<p>[et_pb_section fb_built=\u00bb1&#8243; _builder_version=\u00bb4.22.2&#8243; _module_preset=\u00bbdefault\u00bb global_colors_info=\u00bb{}\u00bb][et_pb_row _builder_version=\u00bb4.22.2&#8243; _module_preset=\u00bbdefault\u00bb custom_margin=\u00bb20px||20px||false|false\u00bb global_colors_info=\u00bb{}\u00bb][et_pb_column type=\u00bb4_4&#8243; _builder_version=\u00bb4.22.2&#8243; _module_preset=\u00bbdefault\u00bb global_colors_info=\u00bb{}\u00bb][et_pb_text _builder_version=\u00bb4.22.2&#8243; _module_preset=\u00bbdefault\u00bb text_font=\u00bbMontserrat||||||||\u00bb text_text_color=\u00bb#0087e3&#8243; header_text_color=\u00bb#0087e3&#8243; header_2_font=\u00bbAcumiy|300|||||||\u00bb header_2_text_color=\u00bb#4c86df\u00bb header_2_font_size=\u00bb43px\u00bb custom_margin=\u00bb20px||20px||false|false\u00bb animation_style=\u00bbslide\u00bb animation_direction=\u00bbbottom\u00bb hover_enabled=\u00bb0&#8243; header_2_font_size_tablet=\u00bb36px\u00bb header_2_font_size_phone=\u00bb28px\u00bb header_2_font_size_last_edited=\u00bbon|tablet\u00bb global_colors_info=\u00bb{}\u00bb sticky_enabled=\u00bb0&#8243;]<\/p>\n<h2 style=\"text-align: center;\"><strong>Pol\u00edtica de reservas y devoluciones de la JCCANAM<\/strong><\/h2>\n<p>[\/et_pb_text][et_pb_text _builder_version=\u00bb4.22.2&#8243; _module_preset=\u00bbdefault\u00bb hover_enabled=\u00bb0&#8243; global_colors_info=\u00bb{}\u00bb sticky_enabled=\u00bb0&#8243;]<\/p>\n<ul>\n<li style=\"text-align: justify;\"><strong>Reservas<\/strong><\/li>\n<\/ul>\n<p style=\"text-align: justify;\">Las reservas de coches se realizan a trav\u00e9s de nuestro sitio web y est\u00e1n sujetas a disponibilidad. Debe proporcionar informaci\u00f3n precisa y completa al hacer una reserva.<\/p>\n<ul>\n<li style=\"text-align: justify;\"><strong>Devoluciones<\/strong><\/li>\n<\/ul>\n<p style=\"text-align: justify;\">Por favor, revise nuestras pol\u00edticas espec\u00edficas de devoluci\u00f3n al alquilar un veh\u00edculo. Las devoluciones deben realizarse en lugares designados y dentro de los plazos acordados.<\/p>\n<p><strong>T\u00e9rminos de uso de JCCANAM<\/strong><\/p>\n<ul>\n<li style=\"text-align: justify;\"><strong>Uso aceptable<\/strong><\/li>\n<\/ul>\n<p style=\"text-align: justify;\">Su uso de nuestro sitio web y servicios debe cumplir con todas las leyes y regulaciones aplicables. No est\u00e1 permitido el uso indebido, modificaci\u00f3n o reproducci\u00f3n no autorizada de nuestro contenido.<\/p>\n<ul>\n<li style=\"text-align: justify;\"><strong>Cambios en la pol\u00edtica<\/strong><\/li>\n<\/ul>\n<p style=\"text-align: justify;\"><strong>JCCANAM<\/strong> se reserva el derecho de modificar estas pol\u00edticas en cualquier momento. Los cambios se publicar\u00e1n en nuestro sitio web y entrar\u00e1n en vigencia de inmediato.<\/p>\n<p>[\/et_pb_text][\/et_pb_column][\/et_pb_row][\/et_pb_section]<\/p>\n","protected":false},"excerpt":{"rendered":"<p>Pol\u00edtica de reservas y devoluciones de la JCCANAM Reservas Las reservas de coches se realizan a trav\u00e9s de nuestro sitio web y est\u00e1n sujetas a disponibilidad. Debe proporcionar informaci\u00f3n precisa y completa al hacer una reserva. Devoluciones Por favor, revise nuestras pol\u00edticas espec\u00edficas de devoluci\u00f3n al alquilar un veh\u00edculo. Las devoluciones deben realizarse en lugares [&hellip;]<\/p>\n","protected":false},"author":3,"featured_media":0,"parent":0,"menu_order":0,"comment_status":"closed","ping_status":"closed","template":"","meta":{"_et_pb_use_builder":"on","_et_pb_old_content":"","_et_gb_content_width":"","footnotes":""},"dipi_cpt_category":[],"class_list":["post-258821","page","type-page","status-publish","hentry"],"_links":{"self":[{"href":"https:\/\/jccanampr.com\/es\/wp-json\/wp\/v2\/pages\/258821","targetHints":{"allow":["GET"]}}],"collection":[{"href":"https:\/\/jccanampr.com\/es\/wp-json\/wp\/v2\/pages"}],"about":[{"href":"https:\/\/jccanampr.com\/es\/wp-json\/wp\/v2\/types\/page"}],"author":[{"embeddable":true,"href":"https:\/\/jccanampr.com\/es\/wp-json\/wp\/v2\/users\/3"}],"replies":[{"embeddable":true,"href":"https:\/\/jccanampr.com\/es\/wp-json\/wp\/v2\/comments?post=258821"}],"version-history":[{"count":0,"href":"https:\/\/jccanampr.com\/es\/wp-json\/wp\/v2\/pages\/258821\/revisions"}],"wp:attachment":[{"href":"https:\/\/jccanampr.com\/es\/wp-json\/wp\/v2\/media?parent=258821"}],"wp:term":[{"taxonomy":"dipi_cpt_category","embeddable":true,"href":"https:\/\/jccanampr.com\/es\/wp-json\/wp\/v2\/dipi_cpt_category?post=258821"}],"curies":[{"name":"wp","href":"https:\/\/api.w.org\/{rel}","templated":true}]}}