{"id":258823,"date":"2023-10-25T17:25:29","date_gmt":"2023-10-25T17:25:29","guid":{"rendered":"https:\/\/jccanampr.com\/politica-de-privacidad-de-jccanam\/"},"modified":"2023-10-30T19:49:48","modified_gmt":"2023-10-30T19:49:48","slug":"jccanam-privacy-policy","status":"publish","type":"page","link":"https:\/\/jccanampr.com\/es\/jccanam-privacy-policy\/","title":{"rendered":"JCCANAM Privacy Policy"},"content":{"rendered":"<p>[et_pb_section fb_built=\u00bb1&#8243; _builder_version=\u00bb4.22.2&#8243; _module_preset=\u00bbdefault\u00bb locked=\u00bboff\u00bb global_colors_info=\u00bb{}\u00bb][et_pb_row _builder_version=\u00bb4.22.2&#8243; _module_preset=\u00bbdefault\u00bb custom_margin=\u00bb20px||20px||false|false\u00bb global_colors_info=\u00bb{}\u00bb][et_pb_column type=\u00bb4_4&#8243; _builder_version=\u00bb4.22.2&#8243; _module_preset=\u00bbdefault\u00bb global_colors_info=\u00bb{}\u00bb][et_pb_text _builder_version=\u00bb4.22.2&#8243; _module_preset=\u00bbdefault\u00bb text_font=\u00bbMontserrat||||||||\u00bb text_text_color=\u00bb#0087e3&#8243; header_text_color=\u00bb#0087e3&#8243; header_2_font=\u00bbAcumiy|300|||||||\u00bb header_2_text_color=\u00bb#4c86df\u00bb header_2_font_size=\u00bb43px\u00bb custom_margin=\u00bb20px||20px||false|false\u00bb animation_style=\u00bbslide\u00bb animation_direction=\u00bbbottom\u00bb hover_enabled=\u00bb0&#8243; header_2_font_size_tablet=\u00bb36px\u00bb header_2_font_size_phone=\u00bb28px\u00bb header_2_font_size_last_edited=\u00bbon|tablet\u00bb global_colors_info=\u00bb{}\u00bb sticky_enabled=\u00bb0&#8243;]<\/p>\n<h2 style=\"text-align: center;\"><strong>Pol\u00edtica de privacidad<\/strong><\/h2>\n<p>[\/et_pb_text][et_pb_text _builder_version=\u00bb4.22.2&#8243; _module_preset=\u00bbdefault\u00bb hover_enabled=\u00bb0&#8243; global_colors_info=\u00bb{}\u00bb sticky_enabled=\u00bb0&#8243;]<\/p>\n<p style=\"text-align: justify;\"><strong>JCCANAM<\/strong> se compromete a proteger la privacidad de nuestros clientes y visitantes. Al utilizar nuestro sitio web y nuestros servicios, acepta las pr\u00e1cticas de privacidad descritas en esta pol\u00edtica.<\/p>\n<ul>\n<li style=\"text-align: justify;\"><strong>Recopilaci\u00f3n de informaci\u00f3n<\/strong><\/li>\n<\/ul>\n<p style=\"text-align: justify;\">Recopilamos informaci\u00f3n personal como nombre, direcci\u00f3n de correo electr\u00f3nico, n\u00famero de tel\u00e9fono y detalles de pago cuando realiza una reserva en nuestro sitio web. Tambi\u00e9n podemos recopilar informaci\u00f3n no personal, como cookies y datos de navegaci\u00f3n.<\/p>\n<ul>\n<li style=\"text-align: justify;\"><strong>Uso de la informaci\u00f3n<\/strong><\/li>\n<\/ul>\n<p style=\"text-align: justify;\">Utilizamos su informaci\u00f3n personal para procesar reservas, brindar servicios de alquiler de autom\u00f3viles y mantener una comunicaci\u00f3n efectiva con usted. No compartiremos tu informaci\u00f3n con terceros, excepto en casos legales o para mejorar nuestros servicios.<\/p>\n<ul>\n<li style=\"text-align: justify;\"><strong>Cookies y tecnolog\u00edas de seguimiento<\/strong><\/li>\n<\/ul>\n<p style=\"text-align: justify;\">Utilizamos cookies y tecnolog\u00edas de seguimiento para mejorar la experiencia del usuario y recopilar informaci\u00f3n sobre la navegaci\u00f3n en nuestro sitio web. Puede ajustar la configuraci\u00f3n de cookies en su navegador.<\/p>\n<ul>\n<li style=\"text-align: justify;\"><strong>Seguridad de los datos<\/strong><\/li>\n<\/ul>\n<p style=\"text-align: justify;\">Tomamos medidas para proteger su informaci\u00f3n personal del acceso no autorizado. Sin embargo, no podemos garantizar la seguridad absoluta de los datos transmitidos a trav\u00e9s de Internet.<\/p>\n<p>[\/et_pb_text][\/et_pb_column][\/et_pb_row][\/et_pb_section]<\/p>\n","protected":false},"excerpt":{"rendered":"<p>Pol\u00edtica de privacidadJCCANAM se compromete a proteger la privacidad de nuestros clientes y visitantes. Al utilizar nuestro sitio web y nuestros servicios, acepta las pr\u00e1cticas de privacidad descritas en esta pol\u00edtica. Recopilaci\u00f3n de informaci\u00f3n Recopilamos informaci\u00f3n personal como nombre, direcci\u00f3n de correo electr\u00f3nico, n\u00famero de tel\u00e9fono y detalles de pago cuando realiza una reserva en [&hellip;]<\/p>\n","protected":false},"author":3,"featured_media":0,"parent":0,"menu_order":0,"comment_status":"closed","ping_status":"closed","template":"","meta":{"_et_pb_use_builder":"on","_et_pb_old_content":"JCCANAM se compromete a proteger la privacidad de nuestros clientes y visitantes. Al utilizar nuestro sitio web y nuestros servicios, usted acepta las pr\u00e1cticas de privacidad descritas en esta pol\u00edtica.\r\n\r\n2. Recopilaci\u00f3n de Informaci\u00f3n\r\n\r\nRecopilamos informaci\u00f3n personal, como nombre, direcci\u00f3n de correo electr\u00f3nico, n\u00famero de tel\u00e9fono y detalles del pago, cuando realiza una reserva en nuestro sitio web. Tambi\u00e9n podemos recopilar informaci\u00f3n no personal, como cookies y datos de navegaci\u00f3n.\r\n\r\n3. Uso de la Informaci\u00f3n\r\n\r\nUtilizamos su informaci\u00f3n personal para procesar reservas, proporcionar servicios de alquiler de autos y mantener una comunicaci\u00f3n efectiva con usted. No compartiremos su informaci\u00f3n con terceros, excepto en casos legales o para mejorar nuestros servicios.\r\n\r\n4. Cookies y Tecnolog\u00edas de Rastreo\r\n\r\nUtilizamos cookies y tecnolog\u00edas de rastreo para mejorar la experiencia del usuario y recopilar informaci\u00f3n sobre la navegaci\u00f3n en nuestro sitio web. Puede ajustar la configuraci\u00f3n de cookies en su navegador.\r\n\r\n5. Seguridad de Datos\r\n\r\nTomamos medidas para proteger su informaci\u00f3n personal de accesos no autorizados. Sin embargo, no podemos garantizar la seguridad absoluta de los datos transmitidos por Internet.","_et_gb_content_width":"","footnotes":""},"dipi_cpt_category":[],"class_list":["post-258823","page","type-page","status-publish","hentry"],"_links":{"self":[{"href":"https:\/\/jccanampr.com\/es\/wp-json\/wp\/v2\/pages\/258823","targetHints":{"allow":["GET"]}}],"collection":[{"href":"https:\/\/jccanampr.com\/es\/wp-json\/wp\/v2\/pages"}],"about":[{"href":"https:\/\/jccanampr.com\/es\/wp-json\/wp\/v2\/types\/page"}],"author":[{"embeddable":true,"href":"https:\/\/jccanampr.com\/es\/wp-json\/wp\/v2\/users\/3"}],"replies":[{"embeddable":true,"href":"https:\/\/jccanampr.com\/es\/wp-json\/wp\/v2\/comments?post=258823"}],"version-history":[{"count":0,"href":"https:\/\/jccanampr.com\/es\/wp-json\/wp\/v2\/pages\/258823\/revisions"}],"wp:attachment":[{"href":"https:\/\/jccanampr.com\/es\/wp-json\/wp\/v2\/media?parent=258823"}],"wp:term":[{"taxonomy":"dipi_cpt_category","embeddable":true,"href":"https:\/\/jccanampr.com\/es\/wp-json\/wp\/v2\/dipi_cpt_category?post=258823"}],"curies":[{"name":"wp","href":"https:\/\/api.w.org\/{rel}","templated":true}]}}